{"id":3,"date":"2025-06-11T07:45:12","date_gmt":"2025-06-11T07:45:12","guid":{"rendered":"https:\/\/dev.apindustrie.co\/?page_id=3"},"modified":"2025-08-11T12:13:14","modified_gmt":"2025-08-11T12:13:14","slug":"privacy-policy","status":"publish","type":"page","link":"https:\/\/dev.apindustrie.co\/en\/privacy-policy\/","title":{"rendered":"Privacy Policy"},"content":{"rendered":"<div data-elementor-type=\"wp-page\" data-elementor-id=\"3\" class=\"elementor elementor-3\">\n\t\t\t\t<div class=\"elementor-element elementor-element-9b8c9ee elementor-hidden-tablet elementor-hidden-mobile e-flex e-con-boxed e-con e-parent\" data-id=\"9b8c9ee\" data-element_type=\"container\" data-e-type=\"container\">\n\t\t\t\t\t<div class=\"e-con-inner\">\n\t\t\t\t<div class=\"elementor-element elementor-element-b784d91 elementor-widget elementor-widget-spacer\" data-id=\"b784d91\" data-element_type=\"widget\" data-e-type=\"widget\" data-widget_type=\"spacer.default\">\n\t\t\t\t\t\t\t<div class=\"elementor-spacer\">\n\t\t\t<div class=\"elementor-spacer-inner\"><\/div>\n\t\t<\/div>\n\t\t\t\t\t\t<\/div>\n\t\t\t\t\t<\/div>\n\t\t\t\t<\/div>\n\t\t<div class=\"elementor-element elementor-element-aba20cd e-flex e-con-boxed e-con e-parent\" data-id=\"aba20cd\" data-element_type=\"container\" data-e-type=\"container\">\n\t\t\t\t\t<div class=\"e-con-inner\">\n\t\t\t\t<div class=\"elementor-element elementor-element-c32bd7a elementor-widget elementor-widget-text-editor\" data-id=\"c32bd7a\" data-element_type=\"widget\" data-e-type=\"widget\" data-widget_type=\"text-editor.default\">\n\t\t\t\t\t\t\t\t\t<p>At AP Industries, accessible <a href=\"https:\/\/apindustrie.co\/\">https:\/\/apindustrie.co<\/a>, we prioritize the privacy of our visitors. This Privacy Policy outlines the types of information we collect and how we use it.<\/p>\t\t\t\t\t\t\t\t<\/div>\n\t\t\t\t<div class=\"elementor-element elementor-element-862ebfd elementor-widget elementor-widget-heading\" data-id=\"862ebfd\" data-element_type=\"widget\" data-e-type=\"widget\" data-widget_type=\"heading.default\">\n\t\t\t\t\t<h2 class=\"elementor-heading-title elementor-size-default\">1. Information We Collect<\/h2>\t\t\t\t<\/div>\n\t\t\t\t<div class=\"elementor-element elementor-element-abeaebd elementor-widget elementor-widget-text-editor\" data-id=\"abeaebd\" data-element_type=\"widget\" data-e-type=\"widget\" data-widget_type=\"text-editor.default\">\n\t\t\t\t\t\t\t\t\t<p>\u2022 <strong>Personal Information<\/strong> : When you register, subscribe to our newsletter, or fill out a form, we may collect personal details such as your name, email address, and phone number.<br \/>\u2022 <strong>Usage Data<\/strong> : We collect information on how you access and use our website, including your IP address, browser type, pages visited, and the time and date of your visit.<br \/>\u2022 <strong>Cookies and Tracking Technologies<\/strong> : We use cookies to enhance your experience, gather general visitor information, and track visits to our website.<\/p>\t\t\t\t\t\t\t\t<\/div>\n\t\t\t\t<div class=\"elementor-element elementor-element-1177dc7 elementor-widget elementor-widget-heading\" data-id=\"1177dc7\" data-element_type=\"widget\" data-e-type=\"widget\" data-widget_type=\"heading.default\">\n\t\t\t\t\t<h2 class=\"elementor-heading-title elementor-size-default\">How We Use Your Information<\/h2>\t\t\t\t<\/div>\n\t\t\t\t<div class=\"elementor-element elementor-element-1f0ed54 elementor-widget elementor-widget-text-editor\" data-id=\"1f0ed54\" data-element_type=\"widget\" data-e-type=\"widget\" data-widget_type=\"text-editor.default\">\n\t\t\t\t\t\t\t\t\t<p>We use the collected data to:<br \/>\u2022 Provide and maintain our services.<br \/>\u2022 Improve, personalize, and expand our website.<br \/>\u2022 Understand and analyze how you use our website.<br \/>\u2022 Communicate with you, either directly or through one of our partners, including for customer service and promotional purposes.<br \/>\u2022 Send you emails and newsletters.<br \/>\u2022 Detect and prevent fraudulent activities.<\/p>\t\t\t\t\t\t\t\t<\/div>\n\t\t\t\t<div class=\"elementor-element elementor-element-f4fa37f elementor-widget elementor-widget-heading\" data-id=\"f4fa37f\" data-element_type=\"widget\" data-e-type=\"widget\" data-widget_type=\"heading.default\">\n\t\t\t\t\t<h2 class=\"elementor-heading-title elementor-size-default\">3. Sharing Your Information<\/h2>\t\t\t\t<\/div>\n\t\t\t\t<div class=\"elementor-element elementor-element-2e33c98 elementor-widget elementor-widget-text-editor\" data-id=\"2e33c98\" data-element_type=\"widget\" data-e-type=\"widget\" data-widget_type=\"text-editor.default\">\n\t\t\t\t\t\t\t\t\t<p>We do not sell, trade, or otherwise transfer your personal information to outside parties, except:<br data-start=\"119\" data-end=\"122\" \/>\u2022 To trusted third parties who assist us in operating our website, conducting our business, or serving our users, so long as those parties agree to keep this information confidential.<br data-start=\"317\" data-end=\"320\" \/>\u2022 When required by law or to protect our rights.<\/p>\t\t\t\t\t\t\t\t<\/div>\n\t\t\t\t<div class=\"elementor-element elementor-element-744d095 elementor-widget elementor-widget-heading\" data-id=\"744d095\" data-element_type=\"widget\" data-e-type=\"widget\" data-widget_type=\"heading.default\">\n\t\t\t\t\t<h2 class=\"elementor-heading-title elementor-size-default\">4. Data Security<\/h2>\t\t\t\t<\/div>\n\t\t\t\t<div class=\"elementor-element elementor-element-f696755 elementor-widget elementor-widget-text-editor\" data-id=\"f696755\" data-element_type=\"widget\" data-e-type=\"widget\" data-widget_type=\"text-editor.default\">\n\t\t\t\t\t\t\t\t\t<p>We implement a variety of security measures to maintain the safety of your personal information. However, no method of transmission over the Internet or method of electronic storage is 100% secure.<\/p>\t\t\t\t\t\t\t\t<\/div>\n\t\t\t\t<div class=\"elementor-element elementor-element-91aa242 elementor-widget elementor-widget-heading\" data-id=\"91aa242\" data-element_type=\"widget\" data-e-type=\"widget\" data-widget_type=\"heading.default\">\n\t\t\t\t\t<h2 class=\"elementor-heading-title elementor-size-default\">5. Your Data Protection Rights<\/h2>\t\t\t\t<\/div>\n\t\t\t\t<div class=\"elementor-element elementor-element-056216c elementor-widget elementor-widget-text-editor\" data-id=\"056216c\" data-element_type=\"widget\" data-e-type=\"widget\" data-widget_type=\"text-editor.default\">\n\t\t\t\t\t\t\t\t\t<p>Depending on your location, you may have the following rights:<br \/>\u2022 <strong>The right to access<\/strong> \u2013 You have the right to request copies of your personal data.<br \/>\u2022 <strong>The right to rectification<\/strong> \u2013 You have the right to request that we correct any information you believe is inaccurate or complete information you believe is incomplete.<br \/>\u2022 <strong>The right to erasure<\/strong> \u2013 You have the right to request that we erase your personal data, under certain conditions.<\/p><p>To exercise any of these rights, please contact us at <a href=\"mailto:infotogo@apindustrie.co\">infotogo@apindustrie.co<\/a>.<\/p>\t\t\t\t\t\t\t\t<\/div>\n\t\t\t\t<div class=\"elementor-element elementor-element-e5b7b6e elementor-widget elementor-widget-heading\" data-id=\"e5b7b6e\" data-element_type=\"widget\" data-e-type=\"widget\" data-widget_type=\"heading.default\">\n\t\t\t\t\t<h2 class=\"elementor-heading-title elementor-size-default\">6. Third-Party Links<\/h2>\t\t\t\t<\/div>\n\t\t\t\t<div class=\"elementor-element elementor-element-3ec5c1b elementor-widget elementor-widget-text-editor\" data-id=\"3ec5c1b\" data-element_type=\"widget\" data-e-type=\"widget\" data-widget_type=\"text-editor.default\">\n\t\t\t\t\t\t\t\t\t<p>Our website may contain links to other sites. We are not responsible for the privacy practices of these other sites and encourage you to read their privacy policies.<\/p>\t\t\t\t\t\t\t\t<\/div>\n\t\t\t\t<div class=\"elementor-element elementor-element-6ee7076 elementor-widget elementor-widget-heading\" data-id=\"6ee7076\" data-element_type=\"widget\" data-e-type=\"widget\" data-widget_type=\"heading.default\">\n\t\t\t\t\t<h2 class=\"elementor-heading-title elementor-size-default\">7. Changes to This Privacy Policy<\/h2>\t\t\t\t<\/div>\n\t\t\t\t<div class=\"elementor-element elementor-element-d5b3750 elementor-widget elementor-widget-text-editor\" data-id=\"d5b3750\" data-element_type=\"widget\" data-e-type=\"widget\" data-widget_type=\"text-editor.default\">\n\t\t\t\t\t\t\t\t\t<p>We may update our Privacy Policy from time to time. Any changes will be posted on this page with an updated revision date.<\/p>\t\t\t\t\t\t\t\t<\/div>\n\t\t\t\t\t<\/div>\n\t\t\t\t<\/div>\n\t\t\t\t<\/div>","protected":false},"excerpt":{"rendered":"<p>Chez AP Industries, accessible \u00e0 l\u2019adresse https:\/\/apindustrie.co, nous accordons une grande importance \u00e0 la confidentialit\u00e9 de nos visiteurs. Cette politique de confidentialit\u00e9 d\u00e9crit les types d\u2019informations que nous collectons et la mani\u00e8re dont nous les utilisons. 1. Informations que nous collectons \u2022 Informations personnelles : Lorsque vous vous inscrivez, vous abonnez \u00e0 notre newsletter ou&#8230;<\/p>","protected":false},"author":2,"featured_media":0,"parent":0,"menu_order":0,"comment_status":"closed","ping_status":"closed","template":"","meta":{"footnotes":""},"class_list":["post-3","page","type-page","status-publish","hentry"],"_links":{"self":[{"href":"https:\/\/dev.apindustrie.co\/en\/wp-json\/wp\/v2\/pages\/3","targetHints":{"allow":["GET"]}}],"collection":[{"href":"https:\/\/dev.apindustrie.co\/en\/wp-json\/wp\/v2\/pages"}],"about":[{"href":"https:\/\/dev.apindustrie.co\/en\/wp-json\/wp\/v2\/types\/page"}],"author":[{"embeddable":true,"href":"https:\/\/dev.apindustrie.co\/en\/wp-json\/wp\/v2\/users\/2"}],"replies":[{"embeddable":true,"href":"https:\/\/dev.apindustrie.co\/en\/wp-json\/wp\/v2\/comments?post=3"}],"version-history":[{"count":3,"href":"https:\/\/dev.apindustrie.co\/en\/wp-json\/wp\/v2\/pages\/3\/revisions"}],"predecessor-version":[{"id":4966,"href":"https:\/\/dev.apindustrie.co\/en\/wp-json\/wp\/v2\/pages\/3\/revisions\/4966"}],"wp:attachment":[{"href":"https:\/\/dev.apindustrie.co\/en\/wp-json\/wp\/v2\/media?parent=3"}],"curies":[{"name":"wp","href":"https:\/\/api.w.org\/{rel}","templated":true}]}}