{"id":2672,"date":"2025-06-11T13:59:09","date_gmt":"2025-06-11T13:59:09","guid":{"rendered":"https:\/\/dev.apindustrie.co\/?page_id=2672"},"modified":"2025-08-13T08:46:23","modified_gmt":"2025-08-13T08:46:23","slug":"ginny","status":"publish","type":"page","link":"https:\/\/dev.apindustrie.co\/en\/our-brands\/ginny\/","title":{"rendered":"Ginny"},"content":{"rendered":"<div data-elementor-type=\"wp-page\" data-elementor-id=\"2672\" class=\"elementor elementor-2672\">\n\t\t\t\t\t\t<header class=\"elementor-section elementor-top-section elementor-element elementor-element-39e1ef8 elementor-section-stretched elementor-section-height-min-height elementor-section-boxed elementor-section-height-default elementor-section-items-middle\" data-id=\"39e1ef8\" data-element_type=\"section\" data-e-type=\"section\" data-settings=\"{&quot;stretch_section&quot;:&quot;section-stretched&quot;,&quot;background_background&quot;:&quot;classic&quot;}\">\n\t\t\t\t\t\t\t<div class=\"elementor-background-overlay\"><\/div>\n\t\t\t\t\t\t\t<div class=\"elementor-container elementor-column-gap-default\">\n\t\t\t\t\t<div class=\"elementor-column elementor-col-100 elementor-top-column elementor-element elementor-element-d761136\" data-id=\"d761136\" data-element_type=\"column\" data-e-type=\"column\" data-settings=\"{&quot;background_background&quot;:&quot;classic&quot;}\">\n\t\t\t<div class=\"elementor-widget-wrap elementor-element-populated\">\n\t\t\t\t\t\t<div class=\"elementor-element elementor-element-d574c67 elementor-widget elementor-widget-heading\" data-id=\"d574c67\" data-element_type=\"widget\" data-e-type=\"widget\" data-widget_type=\"heading.default\">\n\t\t\t\t\t<span class=\"elementor-heading-title elementor-size-default\">Ginny \u2013 Affordable Water Solutions at Scale<\/span>\t\t\t\t<\/div>\n\t\t\t\t<div class=\"elementor-element elementor-element-25d49f0 elementor-widget elementor-widget-text-editor\" data-id=\"25d49f0\" data-element_type=\"widget\" data-e-type=\"widget\" data-widget_type=\"text-editor.default\">\n\t\t\t\t\t\t\t\t\t<p><span style=\"color: #000000;\"><span style=\"font-weight: 400;\">Ginny, a brand by AP Industry, offers affordable, high-quality water for commercial and institutional needs<\/span><span style=\"font-weight: 400;\"><br \/><\/span><span style=\"font-weight: 400;\">We specialize in large-scale supply, private labeling, and customized bottling solutions.<\/span><span style=\"font-weight: 400;\"><br \/><\/span><span style=\"font-weight: 400;\">Trusted by wholesalers, hospitality, and government sectors for scalable hydration systems.<\/span><\/span><\/p>\t\t\t\t\t\t\t\t<\/div>\n\t\t\t\t\t<\/div>\n\t\t<\/div>\n\t\t\t\t\t<\/div>\n\t\t<\/header>\n\t\t\t\t<section class=\"elementor-section elementor-top-section elementor-element elementor-element-d056497 elementor-section-boxed elementor-section-height-default elementor-section-height-default\" data-id=\"d056497\" data-element_type=\"section\" data-e-type=\"section\">\n\t\t\t\t\t\t<div class=\"elementor-container elementor-column-gap-default\">\n\t\t\t\t\t<div class=\"elementor-column elementor-col-50 elementor-top-column elementor-element elementor-element-49fe4f9\" data-id=\"49fe4f9\" data-element_type=\"column\" data-e-type=\"column\">\n\t\t\t<div class=\"elementor-widget-wrap elementor-element-populated\">\n\t\t\t\t\t\t<div class=\"elementor-element elementor-element-37cd2d5 elementor-widget elementor-widget-heading\" data-id=\"37cd2d5\" data-element_type=\"widget\" data-e-type=\"widget\" data-widget_type=\"heading.default\">\n\t\t\t\t\t<span class=\"elementor-heading-title elementor-size-default\">Reliable Water Solutions for High-Volume Business Needs!<\/span>\t\t\t\t<\/div>\n\t\t\t\t<div class=\"elementor-element elementor-element-a89227a elementor-widget elementor-widget-heading\" data-id=\"a89227a\" data-element_type=\"widget\" data-e-type=\"widget\" data-widget_type=\"heading.default\">\n\t\t\t\t\t<h2 class=\"elementor-heading-title elementor-size-default\">Our Speciality<\/h2>\t\t\t\t<\/div>\n\t\t\t\t<div class=\"elementor-element elementor-element-924184c elementor-widget elementor-widget-text-editor\" data-id=\"924184c\" data-element_type=\"widget\" data-e-type=\"widget\" data-widget_type=\"text-editor.default\">\n\t\t\t\t\t\t\t\t\t<p><span style=\"color: #000000;\"><span style=\"font-weight: 400;\">Ginny provides cost-effective water solutions for bulk buyers, distributors, and institutions.<\/span><span style=\"font-weight: 400;\"><br \/><\/span><span style=\"font-weight: 400;\">We focus on meeting the unique needs of high-volume clients with reliable service.<\/span><\/span><\/p><p><span style=\"font-weight: 400; color: #000000;\">Our advanced, automated production ensures consistent quality, timely delivery, and customizable packaging \u2014 ideal for branding and large-scale commercial use.<\/span><\/p>\t\t\t\t\t\t\t\t<\/div>\n\t\t\t\t<div class=\"elementor-element elementor-element-f36a9e7 elementor-widget__width-initial elementor-widget elementor-widget-progress\" data-id=\"f36a9e7\" data-element_type=\"widget\" data-e-type=\"widget\" data-widget_type=\"progress.default\">\n\t\t\t\t\t\t\t\t<span class=\"elementor-title\" id=\"elementor-progress-bar-f36a9e7\">\n\t\t\t\tProduction Accuracy\t\t\t<\/span>\n\t\t\n\t\t<div aria-labelledby=\"elementor-progress-bar-f36a9e7\" class=\"elementor-progress-wrapper\" role=\"progressbar\" aria-valuemin=\"0\" aria-valuemax=\"100\" aria-valuenow=\"99.2\">\n\t\t\t<div class=\"elementor-progress-bar\" data-max=\"99.2\">\n\t\t\t\t<span class=\"elementor-progress-text\"><\/span>\n\t\t\t\t\t\t\t\t\t<span class=\"elementor-progress-percentage\">99.2%<\/span>\n\t\t\t\t\t\t\t<\/div>\n\t\t<\/div>\n\t\t\t\t\t\t<\/div>\n\t\t\t\t<div class=\"elementor-element elementor-element-1cb95af elementor-widget__width-initial elementor-widget elementor-widget-progress\" data-id=\"1cb95af\" data-element_type=\"widget\" data-e-type=\"widget\" data-widget_type=\"progress.default\">\n\t\t\t\t\t\t\t\t<span class=\"elementor-title\" id=\"elementor-progress-bar-1cb95af\">\n\t\t\t\tOrder Fulfillment Rate\t\t\t<\/span>\n\t\t\n\t\t<div aria-labelledby=\"elementor-progress-bar-1cb95af\" class=\"elementor-progress-wrapper\" role=\"progressbar\" aria-valuemin=\"0\" aria-valuemax=\"100\" aria-valuenow=\"98.5\">\n\t\t\t<div class=\"elementor-progress-bar\" data-max=\"98.5\">\n\t\t\t\t<span class=\"elementor-progress-text\"><\/span>\n\t\t\t\t\t\t\t\t\t<span class=\"elementor-progress-percentage\">98.5%<\/span>\n\t\t\t\t\t\t\t<\/div>\n\t\t<\/div>\n\t\t\t\t\t\t<\/div>\n\t\t\t\t<div class=\"elementor-element elementor-element-6f46cf0 elementor-mobile-align-justify elementor-widget elementor-widget-button\" data-id=\"6f46cf0\" data-element_type=\"widget\" data-e-type=\"widget\" data-widget_type=\"button.default\">\n\t\t\t\t\t\t\t\t\t\t<a class=\"elementor-button elementor-button-link elementor-size-sm\" href=\"https:\/\/dev.apindustrie.co\/en\/enquiry\/\">\n\t\t\t\t\t\t<span class=\"elementor-button-content-wrapper\">\n\t\t\t\t\t\t<span class=\"elementor-button-icon\">\n\t\t\t\t<svg aria-hidden=\"true\" class=\"e-font-icon-svg e-fas-arrow-alt-circle-right\" viewbox=\"0 0 512 512\" xmlns=\"http:\/\/www.w3.org\/2000\/svg\"><path d=\"M256 8c137 0 248 111 248 248S393 504 256 504 8 393 8 256 119 8 256 8zM140 300h116v70.9c0 10.7 13 16.1 20.5 8.5l114.3-114.9c4.7-4.7 4.7-12.2 0-16.9l-114.3-115c-7.6-7.6-20.5-2.2-20.5 8.5V212H140c-6.6 0-12 5.4-12 12v64c0 6.6 5.4 12 12 12z\"><\/path><\/svg>\t\t\t<\/span>\n\t\t\t\t\t\t\t\t\t<span class=\"elementor-button-text\">Enquiry<\/span>\n\t\t\t\t\t<\/span>\n\t\t\t\t\t<\/a>\n\t\t\t\t\t\t\t\t<\/div>\n\t\t\t\t\t<\/div>\n\t\t<\/div>\n\t\t\t\t<div class=\"elementor-column elementor-col-50 elementor-top-column elementor-element elementor-element-0c5e3ef\" data-id=\"0c5e3ef\" data-element_type=\"column\" data-e-type=\"column\" data-settings=\"{&quot;background_background&quot;:&quot;classic&quot;}\">\n\t\t\t<div class=\"elementor-widget-wrap elementor-element-populated\">\n\t\t\t\t\t\t<div class=\"elementor-element elementor-element-d445b56 elementor-widget__width-auto elementor-hidden-desktop elementor-hidden-tablet elementor-hidden-mobile elementor-widget elementor-widget-counter\" data-id=\"d445b56\" data-element_type=\"widget\" data-e-type=\"widget\" data-widget_type=\"counter.default\">\n\t\t\t\t\t\t\t<div class=\"elementor-counter\">\n\t\t\t<div class=\"elementor-counter-title\">Completed Projects<\/div>\t\t\t<div class=\"elementor-counter-number-wrapper\">\n\t\t\t\t<span class=\"elementor-counter-number-prefix\">+<\/span>\n\t\t\t\t<span class=\"elementor-counter-number\" data-duration=\"2000\" data-to-value=\"54\" data-from-value=\"0\" data-delimiter=\",\">0<\/span>\n\t\t\t\t<span class=\"elementor-counter-number-suffix\"><\/span>\n\t\t\t<\/div>\n\t\t<\/div>\n\t\t\t\t\t\t<\/div>\n\t\t\t\t\t<\/div>\n\t\t<\/div>\n\t\t\t\t\t<\/div>\n\t\t<\/section>\n\t\t\t\t<section class=\"elementor-section elementor-top-section elementor-element elementor-element-2fd4a8d elementor-section-content-middle elementor-section-boxed elementor-section-height-default elementor-section-height-default\" data-id=\"2fd4a8d\" data-element_type=\"section\" data-e-type=\"section\" data-settings=\"{&quot;background_background&quot;:&quot;classic&quot;}\">\n\t\t\t\t\t\t<div class=\"elementor-container elementor-column-gap-default\">\n\t\t\t\t\t<div class=\"elementor-column elementor-col-100 elementor-top-column elementor-element elementor-element-dbe9a9b\" data-id=\"dbe9a9b\" data-element_type=\"column\" data-e-type=\"column\">\n\t\t\t<div class=\"elementor-widget-wrap elementor-element-populated\">\n\t\t\t\t\t\t<div class=\"elementor-element elementor-element-915f5ac envato-kit-138-bracket elementor-widget elementor-widget-heading\" data-id=\"915f5ac\" data-element_type=\"widget\" data-e-type=\"widget\" data-widget_type=\"heading.default\">\n\t\t\t\t\t<div class=\"elementor-heading-title elementor-size-default\">Leading the Way in Sustainable Water Solutions<\/div>\t\t\t\t<\/div>\n\t\t\t\t<div class=\"elementor-element elementor-element-af8db9c elementor-widget elementor-widget-heading\" data-id=\"af8db9c\" data-element_type=\"widget\" data-e-type=\"widget\" data-widget_type=\"heading.default\">\n\t\t\t\t\t<h3 class=\"elementor-heading-title elementor-size-default\">Our Vision for Global Impact<\/h3>\t\t\t\t<\/div>\n\t\t\t\t<div class=\"elementor-element elementor-element-e61315b elementor-widget-divider--view-line elementor-widget elementor-widget-divider\" data-id=\"e61315b\" data-element_type=\"widget\" data-e-type=\"widget\" data-widget_type=\"divider.default\">\n\t\t\t\t\t\t\t<div class=\"elementor-divider\">\n\t\t\t<span class=\"elementor-divider-separator\">\n\t\t\t\t\t\t<\/span>\n\t\t<\/div>\n\t\t\t\t\t\t<\/div>\n\t\t\t\t<div class=\"elementor-element elementor-element-ec620f4 elementor-widget elementor-widget-text-editor\" data-id=\"ec620f4\" data-element_type=\"widget\" data-e-type=\"widget\" data-widget_type=\"text-editor.default\">\n\t\t\t\t\t\t\t\t\t<p><span style=\"font-weight: 400;\">\u00a0Ginny envisions becoming a global leader in affordable hydration.<\/span><span style=\"font-weight: 400;\"><br \/><\/span><span style=\"font-weight: 400;\"> We aim to grow our distribution networks, drive product innovation, and forge lasting partnerships across institutional, retail and private-label markets, especially in emerging and international regions.<\/span><\/p>\t\t\t\t\t\t\t\t<\/div>\n\t\t\t\t\t<\/div>\n\t\t<\/div>\n\t\t\t\t\t<\/div>\n\t\t<\/section>\n\t\t\t\t<section class=\"elementor-section elementor-top-section elementor-element elementor-element-5561d25 elementor-section-full_width elementor-section-height-default elementor-section-height-default\" data-id=\"5561d25\" data-element_type=\"section\" data-e-type=\"section\">\n\t\t\t\t\t\t<div class=\"elementor-container elementor-column-gap-no\">\n\t\t\t\t\t<div class=\"elementor-column elementor-col-100 elementor-top-column elementor-element elementor-element-3f5bb09\" data-id=\"3f5bb09\" data-element_type=\"column\" data-e-type=\"column\">\n\t\t\t<div class=\"elementor-widget-wrap elementor-element-populated\">\n\t\t\t\t\t\t<div class=\"elementor-element elementor-element-2da3288 elementor-widget elementor-widget-consua_funfactor\" data-id=\"2da3288\" data-element_type=\"widget\" data-e-type=\"widget\" data-widget_type=\"consua_funfactor.default\">\n\t\t\t\t<div class=\"elementor-widget-container\">\n\t\t\t\t\t    <!-- Start Fun Factor Area One\r\n    ============================================= -->\r\n    <div class=\"fun-factor-style-one-area bg-gray default-padding\" style=\"background-image: url(https:\/\/dev.apindustrie.co\/wp-content\/uploads\/2025\/06\/ghdnjghnjrgaerdtg.png);\">\r\n        <div class=\"container\">\r\n            <div class=\"fun-factor-style-one-box\">\r\n\r\n            \t\r\n                <div class=\"row align-center\">\r\n                    \r\n                    <div class=\"col-lg-10 offset-lg-1 text-center fun-fact-style-one\">\r\n                        <div class=\"row\">\r\n                           \r\n                            <!-- Single item -->\r\n                            <div class=\"col-lg-4 col-md-4 item\">\r\n                                <div class=\"fun-fact\">\r\n                                    <div class=\"counter\">\r\n                                        <div class=\"timer\" data-to=\"12\" data-speed=\"2000\">12<\/div>\r\n                                        <div class=\"operator\">+<\/div>\r\n                                    <\/div>\r\n                                    <span class=\"medium\">Years of Experience<\/span>\r\n                                <\/div>\r\n                            <\/div>\r\n                            <!-- End Single item -->\r\n                           \r\n                            <!-- Single item -->\r\n                            <div class=\"col-lg-4 col-md-4 item\">\r\n                                <div class=\"fun-fact\">\r\n                                    <div class=\"counter\">\r\n                                        <div class=\"timer\" data-to=\"97\" data-speed=\"2000\">97<\/div>\r\n                                        <div class=\"operator\">%<\/div>\r\n                                    <\/div>\r\n                                    <span class=\"medium\">Client Retention Rate<\/span>\r\n                                <\/div>\r\n                            <\/div>\r\n                            <!-- End Single item -->\r\n                           \r\n                            <!-- Single item -->\r\n                            <div class=\"col-lg-4 col-md-4 item\">\r\n                                <div class=\"fun-fact\">\r\n                                    <div class=\"counter\">\r\n                                        <div class=\"timer\" data-to=\"35\" data-speed=\"2000\">35<\/div>\r\n                                        <div class=\"operator\">+<\/div>\r\n                                    <\/div>\r\n                                    <span class=\"medium\">Global Market Reach<\/span>\r\n                                <\/div>\r\n                            <\/div>\r\n                            <!-- End Single item -->\r\n                            \r\n                        <\/div>\r\n                    <\/div>\r\n\r\n                <\/div>\r\n            <\/div>\r\n        <\/div>\r\n    <\/div>\r\n    <!-- End Fun Factor Area One -->\r\n\r\n\t\t\t\t\t<\/div>\n\t\t\t\t<\/div>\n\t\t\t\t<div class=\"elementor-element elementor-element-ab45cf5 elementor-widget elementor-widget-consua_feature\" data-id=\"ab45cf5\" data-element_type=\"widget\" data-e-type=\"widget\" data-widget_type=\"consua_feature.default\">\n\t\t\t\t<div class=\"elementor-widget-container\">\n\t\t\t\t\t\r\n    <!-- Start Our Features One\r\n    ============================================= -->\r\n    <div class=\"feature-style-one-area half-angle-shape overflow-hidden default-padding\">\r\n        <div class=\"container\">\r\n            <div class=\"row align-center\">\r\n                <!-- Single Itme -->\r\n                <div class=\"col-lg-5\">\r\n                    <div class=\"feature-style-one-heading text-light\">\r\n                    \t                        <h2 class=\"title mb-25\">Reliability that Drives Global Growth<\/h2>\r\n                        <p>\r\n                           At Ginny, growth is powered by performance, reliability, and strong partnerships. We prioritize delivering consistent value through scalable operations, customer satisfaction, and ethical, efficient manufacturing, ensuring excellence across all markets.                        <\/p>\r\n\r\n                        <div class=\"circle-progress\">\r\n\t\t\t\t\t\t\t\t                            <div class=\"progressbar\">\r\n\t                                <div class=\"circle\" data-percent=\"92\">\r\n\t                                    <strong><\/strong>\r\n\t                                <\/div>\r\n\t                                <h4>Operational Growth<\/h4>\r\n\t                            <\/div>\r\n                            \t                            <div class=\"progressbar\">\r\n\t                                <div class=\"circle\" data-percent=\"75\">\r\n\t                                    <strong><\/strong>\r\n\t                                <\/div>\r\n\t                                <h4>Satisfied Clients<\/h4>\r\n\t                            <\/div>\r\n                                                    <\/div>\r\n\r\n                    <\/div>\r\n                <\/div>\r\n                <!-- End Single Itme -->\r\n                <div class=\"col-lg-6 offset-lg-1 pl-60 pl-md-15 pl-xs-10 mt-md-50 mt-xs-50\">\r\n\r\n\t\t\t\t\t\t                <!-- Single Itme -->\r\n                    <div class=\"feature-style-one wow fadeInUp\">\r\n                        <div class=\"icon\">\r\n                           \t\t                    \t\t                        <img decoding=\"async\" src=\"https:\/\/dev.apindustrie.co\/wp-content\/uploads\/2025\/08\/unification_17394440.png\" alt=\"AP industries\">\r\n\t\t                    \t\t                                            <\/div>\r\n                        <div class=\"info\">\r\n                            <h4>Reliable Infrastructure<\/h4>\r\n                            <p>\r\n                              Our certified production and packaging facilities guarantee uninterrupted output and consistent product quality at scale.\n                            <\/p>\r\n                        <\/div>\r\n                    <\/div>\r\n                    <!-- End Single Itme -->\r\n                  \t\t                <!-- Single Itme -->\r\n                    <div class=\"feature-style-one wow fadeInUp\">\r\n                        <div class=\"icon\">\r\n                           \t\t                    \t\t                        <img decoding=\"async\" src=\"https:\/\/dev.apindustrie.co\/wp-content\/uploads\/2025\/08\/business-insurance_18494029.png\" alt=\"AP industries\">\r\n\t\t                    \t\t                                            <\/div>\r\n                        <div class=\"info\">\r\n                            <h4>Collaborative Culture<\/h4>\r\n                            <p>\r\n                              Ginny collaborates closely with distributors, institutions, and OEM clients to align our offerings with market-specific demands, supported by proactive engagement and transparent service.                            <\/p>\r\n                        <\/div>\r\n                    <\/div>\r\n                    <!-- End Single Itme -->\r\n                  \t\r\n                <\/div>\r\n            <\/div>\r\n        <\/div>\r\n    <\/div>\r\n    <!-- End Our Features One -->\r\n\r\n\t\t\t\t\t<\/div>\n\t\t\t\t<\/div>\n\t\t\t\t\t<\/div>\n\t\t<\/div>\n\t\t\t\t\t<\/div>\n\t\t<\/section>\n\t\t\t\t<\/div>","protected":false},"excerpt":{"rendered":"<p>Ginny \u2013 Des solutions d\u2019eau abordables \u00e0 grande \u00e9chelle Ginny, une marque d\u2019AP Industry, propose de l\u2019eau de haute qualit\u00e9 \u00e0 des prix abordables pour les besoins commerciaux et institutionnels.Nous sommes sp\u00e9cialis\u00e9s dans l\u2019approvisionnement \u00e0 grande \u00e9chelle, la personnalisation de bouteilles, et l\u2019\u00e9tiquetage priv\u00e9.Reconnue par les grossistes, le secteur de l\u2019h\u00f4tellerie et les institutions gouvernementales&#8230;<\/p>","protected":false},"author":2,"featured_media":0,"parent":2670,"menu_order":0,"comment_status":"closed","ping_status":"closed","template":"elementor_header_footer","meta":{"footnotes":""},"class_list":["post-2672","page","type-page","status-publish","hentry"],"_links":{"self":[{"href":"https:\/\/dev.apindustrie.co\/en\/wp-json\/wp\/v2\/pages\/2672","targetHints":{"allow":["GET"]}}],"collection":[{"href":"https:\/\/dev.apindustrie.co\/en\/wp-json\/wp\/v2\/pages"}],"about":[{"href":"https:\/\/dev.apindustrie.co\/en\/wp-json\/wp\/v2\/types\/page"}],"author":[{"embeddable":true,"href":"https:\/\/dev.apindustrie.co\/en\/wp-json\/wp\/v2\/users\/2"}],"replies":[{"embeddable":true,"href":"https:\/\/dev.apindustrie.co\/en\/wp-json\/wp\/v2\/comments?post=2672"}],"version-history":[{"count":33,"href":"https:\/\/dev.apindustrie.co\/en\/wp-json\/wp\/v2\/pages\/2672\/revisions"}],"predecessor-version":[{"id":5018,"href":"https:\/\/dev.apindustrie.co\/en\/wp-json\/wp\/v2\/pages\/2672\/revisions\/5018"}],"up":[{"embeddable":true,"href":"https:\/\/dev.apindustrie.co\/en\/wp-json\/wp\/v2\/pages\/2670"}],"wp:attachment":[{"href":"https:\/\/dev.apindustrie.co\/en\/wp-json\/wp\/v2\/media?parent=2672"}],"curies":[{"name":"wp","href":"https:\/\/api.w.org\/{rel}","templated":true}]}}