{"id":2670,"date":"2025-06-11T13:58:31","date_gmt":"2025-06-11T13:58:31","guid":{"rendered":"https:\/\/dev.apindustrie.co\/?page_id=2670"},"modified":"2025-08-07T07:09:24","modified_gmt":"2025-08-07T07:09:24","slug":"our-brands","status":"publish","type":"page","link":"https:\/\/dev.apindustrie.co\/en\/our-brands\/","title":{"rendered":"Our Brands"},"content":{"rendered":"<div data-elementor-type=\"wp-page\" data-elementor-id=\"2670\" class=\"elementor elementor-2670\">\n\t\t\t\t\t\t<section class=\"elementor-section elementor-top-section elementor-element elementor-element-cabf7e4 elementor-section-full_width elementor-section-height-default elementor-section-height-default\" data-id=\"cabf7e4\" data-element_type=\"section\" data-e-type=\"section\">\n\t\t\t\t\t\t<div class=\"elementor-container elementor-column-gap-no\">\n\t\t\t\t\t<div class=\"elementor-column elementor-col-100 elementor-top-column elementor-element elementor-element-3d477a5\" data-id=\"3d477a5\" data-element_type=\"column\" data-e-type=\"column\">\n\t\t\t<div class=\"elementor-widget-wrap\">\n\t\t\t\t\t\t\t<\/div>\n\t\t<\/div>\n\t\t\t\t\t<\/div>\n\t\t<\/section>\n\t\t<div class=\"elementor-element elementor-element-56a55c0 e-con-full e-flex e-con e-parent\" data-id=\"56a55c0\" data-element_type=\"container\" data-e-type=\"container\">\n\t\t\t\t<div class=\"elementor-element elementor-element-b0622e6 elementor-widget elementor-widget-consua_banner\" data-id=\"b0622e6\" data-element_type=\"widget\" data-e-type=\"widget\" data-widget_type=\"consua_banner.default\">\n\t\t\t\t<div class=\"elementor-widget-container\">\n\t\t\t\t\t\r\n\t    <!-- Start Banner Area One\r\n\t    ============================================= -->\r\n\t    <div class=\"banner-area banner-style-one shadow navigation-custom-large zoom-effect overflow-hidden text-light\">\r\n\t        <!-- Slider main container -->\r\n\t        <div class=\"banner-fade\">\r\n\t            <!-- Additional required wrapper -->\r\n\t            <div class=\"swiper-wrapper\">\r\n\r\n\t            \t\t\t                <!-- Single Item -->\r\n\t\t                <div class=\"swiper-slide banner-style-one\">\r\n\t\t                    <div class=\"banner-thumb bg-cover shadow dark\" style=\"background: url(https:\/\/dev.apindustrie.co\/wp-content\/uploads\/2025\/07\/our-brands-1.jpg);\"><\/div>\r\n\t\t                    <div class=\"container\">\r\n\t\t                        <div class=\"row align-center\">\r\n\t\t                            <div class=\"col-xl-7 offset-lg-5\">\r\n\t\t                                <div class=\"content\">\r\n\t\t                                    <h4><\/h4>\r\n\t\t                                    <h2>Sustainable Water Solutions for a Greener Future<\/h2>\r\n\t\t                                    \t\t                                <\/div>\r\n\t\t                            <\/div>\r\n\t\t                        <\/div>\r\n\t\t                    <\/div>\r\n\t\t                    \t\t\t                    <!-- Shape -->\r\n\t\t\t                    <div class=\"banner-shape-bg\">\r\n\t\t\t                        <img decoding=\"async\" src=\"https:\/\/validthemes.net\/themeforest\/wp\/consua\/wp-content\/uploads\/2023\/06\/4.png\" alt=\"AP industries\">\r\n\t\t\t                    <\/div>\r\n\t\t\t                    <!-- End Shape -->\r\n\t\t\t                \t\t                <\/div>\r\n\t\t                <!-- End Single Item -->\r\n\t                \t\t                <!-- Single Item -->\r\n\t\t                <div class=\"swiper-slide banner-style-one\">\r\n\t\t                    <div class=\"banner-thumb bg-cover shadow dark\" style=\"background: url(https:\/\/dev.apindustrie.co\/wp-content\/uploads\/2025\/07\/our-brands-2.jpg);\"><\/div>\r\n\t\t                    <div class=\"container\">\r\n\t\t                        <div class=\"row align-center\">\r\n\t\t                            <div class=\"col-xl-7 offset-lg-5\">\r\n\t\t                                <div class=\"content\">\r\n\t\t                                    <h4><\/h4>\r\n\t\t                                    <h2>Live Healthy, Drink Clean, Protect Earth<\/h2>\r\n\t\t                                    \t\t                                <\/div>\r\n\t\t                            <\/div>\r\n\t\t                        <\/div>\r\n\t\t                    <\/div>\r\n\t\t                    \t\t\t                    <!-- Shape -->\r\n\t\t\t                    <div class=\"banner-shape-bg\">\r\n\t\t\t                        <img decoding=\"async\" src=\"https:\/\/validthemes.net\/themeforest\/wp\/consua\/wp-content\/uploads\/2023\/06\/4.png\" alt=\"AP industries\">\r\n\t\t\t                    <\/div>\r\n\t\t\t                    <!-- End Shape -->\r\n\t\t\t                \t\t                <\/div>\r\n\t\t                <!-- End Single Item -->\r\n\t                \t            <\/div>\r\n\t\t\t\t\t\t            <!-- Pagination -->\r\n\t\t            <div class=\"swiper-pagination\"><\/div>\r\n\t\t\t\t\t        <\/div>  \r\n\t    <\/div>\r\n\t    <!-- End Banner Area One -->\t\r\n\t\t\t\r\n\t\t\t\t\t\t<\/div>\n\t\t\t\t<\/div>\n\t\t\t\t<\/div>\n\t\t\t\t<section class=\"elementor-section elementor-top-section elementor-element elementor-element-deea7c0 elementor-section-boxed elementor-section-height-default elementor-section-height-default\" data-id=\"deea7c0\" data-element_type=\"section\" data-e-type=\"section\">\n\t\t\t\t\t\t\t<div class=\"elementor-background-overlay\"><\/div>\n\t\t\t\t\t\t\t<div class=\"elementor-container elementor-column-gap-default\">\n\t\t\t\t\t<div class=\"elementor-column elementor-col-100 elementor-top-column elementor-element elementor-element-431112c\" data-id=\"431112c\" data-element_type=\"column\" data-e-type=\"column\">\n\t\t\t<div class=\"elementor-widget-wrap elementor-element-populated\">\n\t\t\t\t\t\t<section class=\"elementor-section elementor-inner-section elementor-element elementor-element-19fc6b0 elementor-section-boxed elementor-section-height-default elementor-section-height-default\" data-id=\"19fc6b0\" data-element_type=\"section\" data-e-type=\"section\">\n\t\t\t\t\t\t<div class=\"elementor-container elementor-column-gap-default\">\n\t\t\t\t\t<div class=\"elementor-column elementor-col-33 elementor-inner-column elementor-element elementor-element-7ccb5e4\" data-id=\"7ccb5e4\" data-element_type=\"column\" data-e-type=\"column\">\n\t\t\t<div class=\"elementor-widget-wrap elementor-element-populated\">\n\t\t\t\t\t\t<div class=\"elementor-element elementor-element-95371de elementor-widget elementor-widget-heading\" data-id=\"95371de\" data-element_type=\"widget\" data-e-type=\"widget\" data-widget_type=\"heading.default\">\n\t\t\t\t\t<h2 class=\"elementor-heading-title elementor-size-default\">AP INDUSTRY Presents<\/h2>\t\t\t\t<\/div>\n\t\t\t\t<div class=\"elementor-element elementor-element-f586dac elementor-widget elementor-widget-text-editor\" data-id=\"f586dac\" data-element_type=\"widget\" data-e-type=\"widget\" data-widget_type=\"text-editor.default\">\n\t\t\t\t\t\t\t\t\t<p><span style=\"color: #000000;\"><strong>Vitale &amp; Ginny: Everyday Brands with a Purpose<\/strong><\/span><\/p><p><span style=\"color: #000000;\"><span style=\"font-weight: 400;\">At AP Industry, we create high-quality products that exceed expectations. Our brands, Vitale and Ginny, are built on sustainability, innovation, and reliability.<\/span><span style=\"font-weight: 400;\"><br \/><\/span><span style=\"font-weight: 400;\"> We focus on delivering practical, environmentally-conscious solutions that meet our customers' needs. By blending trusted manufacturing with advanced technologies, we provide dependable products that improve everyday life.<\/span><\/span><\/p>\t\t\t\t\t\t\t\t<\/div>\n\t\t\t\t<div class=\"elementor-element elementor-element-99cae2d elementor-widget elementor-widget-text-editor\" data-id=\"99cae2d\" data-element_type=\"widget\" data-e-type=\"widget\" data-widget_type=\"text-editor.default\">\n\t\t\t\t\t\t\t\t\t<p><span style=\"font-weight: 400; color: #000000;\">Vitale offers top-tier water solutions, while Ginny delivers reliable essentials for your home and business.<\/span><\/p>\t\t\t\t\t\t\t\t<\/div>\n\t\t\t\t<div class=\"elementor-element elementor-element-d64adb7 elementor-align-left elementor-invisible elementor-widget elementor-widget-button\" data-id=\"d64adb7\" data-element_type=\"widget\" data-e-type=\"widget\" data-settings=\"{&quot;_animation&quot;:&quot;fadeInUp&quot;}\" data-widget_type=\"button.default\">\n\t\t\t\t\t\t\t\t\t\t<a class=\"elementor-button elementor-button-link elementor-size-xs\" href=\"https:\/\/dev.apindustrie.co\/en\/about-us\/\">\n\t\t\t\t\t\t<span class=\"elementor-button-content-wrapper\">\n\t\t\t\t\t\t<span class=\"elementor-button-icon\">\n\t\t\t\t<svg aria-hidden=\"true\" class=\"e-font-icon-svg e-fas-arrow-right\" viewbox=\"0 0 448 512\" xmlns=\"http:\/\/www.w3.org\/2000\/svg\"><path d=\"M190.5 66.9l22.2-22.2c9.4-9.4 24.6-9.4 33.9 0L441 239c9.4 9.4 9.4 24.6 0 33.9L246.6 467.3c-9.4 9.4-24.6 9.4-33.9 0l-22.2-22.2c-9.5-9.5-9.3-25 .4-34.3L311.4 296H24c-13.3 0-24-10.7-24-24v-32c0-13.3 10.7-24 24-24h287.4L190.9 101.2c-9.8-9.3-10-24.8-.4-34.3z\"><\/path><\/svg>\t\t\t<\/span>\n\t\t\t\t\t\t\t\t\t<span class=\"elementor-button-text\">About Us<\/span>\n\t\t\t\t\t<\/span>\n\t\t\t\t\t<\/a>\n\t\t\t\t\t\t\t\t<\/div>\n\t\t\t\t\t<\/div>\n\t\t<\/div>\n\t\t\t\t<div class=\"elementor-column elementor-col-33 elementor-inner-column elementor-element elementor-element-d98a5d2 hvr-img-one\" data-id=\"d98a5d2\" data-element_type=\"column\" data-e-type=\"column\">\n\t\t\t<div class=\"elementor-widget-wrap elementor-element-populated\">\n\t\t\t\t\t\t<div class=\"elementor-element elementor-element-d5307fb elementor-widget elementor-widget-image\" data-id=\"d5307fb\" data-element_type=\"widget\" data-e-type=\"widget\" data-widget_type=\"image.default\">\n\t\t\t\t\t\t\t\t\t\t\t\t\t\t\t<img fetchpriority=\"high\" decoding=\"async\" width=\"2560\" height=\"1707\" src=\"https:\/\/dev.apindustrie.co\/wp-content\/uploads\/2025\/08\/brewery-worker-checking-pressure-temperature-scaled.jpg\" class=\"attachment-full size-full wp-image-4708\" alt=\"\" srcset=\"https:\/\/dev.apindustrie.co\/wp-content\/uploads\/2025\/08\/brewery-worker-checking-pressure-temperature-scaled.jpg 2560w, https:\/\/dev.apindustrie.co\/wp-content\/uploads\/2025\/08\/brewery-worker-checking-pressure-temperature-300x200.jpg 300w, https:\/\/dev.apindustrie.co\/wp-content\/uploads\/2025\/08\/brewery-worker-checking-pressure-temperature-1024x683.jpg 1024w, https:\/\/dev.apindustrie.co\/wp-content\/uploads\/2025\/08\/brewery-worker-checking-pressure-temperature-768x512.jpg 768w, https:\/\/dev.apindustrie.co\/wp-content\/uploads\/2025\/08\/brewery-worker-checking-pressure-temperature-1536x1024.jpg 1536w, https:\/\/dev.apindustrie.co\/wp-content\/uploads\/2025\/08\/brewery-worker-checking-pressure-temperature-2048x1365.jpg 2048w, https:\/\/dev.apindustrie.co\/wp-content\/uploads\/2025\/08\/brewery-worker-checking-pressure-temperature-18x12.jpg 18w, https:\/\/dev.apindustrie.co\/wp-content\/uploads\/2025\/08\/brewery-worker-checking-pressure-temperature-200x133.jpg 200w, https:\/\/dev.apindustrie.co\/wp-content\/uploads\/2025\/08\/brewery-worker-checking-pressure-temperature-600x400.jpg 600w\" sizes=\"(max-width: 2560px) 100vw, 2560px\" \/>\t\t\t\t\t\t\t\t\t\t\t\t\t\t\t<\/div>\n\t\t\t\t<div class=\"elementor-element elementor-element-193d2a2 elementor-widget elementor-widget-icon-box\" data-id=\"193d2a2\" data-element_type=\"widget\" data-e-type=\"widget\" data-widget_type=\"icon-box.default\">\n\t\t\t\t\t\t\t<div class=\"elementor-icon-box-wrapper\">\n\n\t\t\t\n\t\t\t\t\t\t<div class=\"elementor-icon-box-content\">\n\n\t\t\t\t\t\t\t\t\t<h3 class=\"elementor-icon-box-title\">\n\t\t\t\t\t\t<span  >\n\t\t\t\t\t\t\tImproving Efficiency with Smart Solutions\t\t\t\t\t\t<\/span>\n\t\t\t\t\t<\/h3>\n\t\t\t\t\n\t\t\t\t\t\t\t\t\t<p class=\"elementor-icon-box-description\">\n\t\t\t\t\t\tWe use reliable technology to optimize production and maintain consistent quality.\nOur systems ensure smooth operations while meeting international standards.\t\t\t\t\t<\/p>\n\t\t\t\t\n\t\t\t<\/div>\n\t\t\t\n\t\t<\/div>\n\t\t\t\t\t\t<\/div>\n\t\t\t\t\t<\/div>\n\t\t<\/div>\n\t\t\t\t<div class=\"elementor-column elementor-col-33 elementor-inner-column elementor-element elementor-element-163201b hvr-img-one\" data-id=\"163201b\" data-element_type=\"column\" data-e-type=\"column\">\n\t\t\t<div class=\"elementor-widget-wrap elementor-element-populated\">\n\t\t\t\t\t\t<div class=\"elementor-element elementor-element-cfd2578 elementor-widget elementor-widget-icon-box\" data-id=\"cfd2578\" data-element_type=\"widget\" data-e-type=\"widget\" data-widget_type=\"icon-box.default\">\n\t\t\t\t\t\t\t<div class=\"elementor-icon-box-wrapper\">\n\n\t\t\t\n\t\t\t\t\t\t<div class=\"elementor-icon-box-content\">\n\n\t\t\t\t\t\t\t\t\t<h3 class=\"elementor-icon-box-title\">\n\t\t\t\t\t\t<span  >\n\t\t\t\t\t\t\tGlobal Standards in Quality and Reliability\t\t\t\t\t\t<\/span>\n\t\t\t\t\t<\/h3>\n\t\t\t\t\n\t\t\t\t\t\t\t\t\t<p class=\"elementor-icon-box-description\">\n\t\t\t\t\t\tWith years of experience, we offer durable and trusted products for every need.\nFrom Vitale to Ginny, our solutions are made to exceed industry expectations.\t\t\t\t\t<\/p>\n\t\t\t\t\n\t\t\t<\/div>\n\t\t\t\n\t\t<\/div>\n\t\t\t\t\t\t<\/div>\n\t\t\t\t<div class=\"elementor-element elementor-element-c409043 elementor-widget elementor-widget-image\" data-id=\"c409043\" data-element_type=\"widget\" data-e-type=\"widget\" data-widget_type=\"image.default\">\n\t\t\t\t\t\t\t\t\t\t\t\t\t\t\t<img decoding=\"async\" width=\"2560\" height=\"1701\" src=\"https:\/\/dev.apindustrie.co\/wp-content\/uploads\/2025\/08\/production-plastic-bottles-factory-scaled.jpg\" class=\"attachment-full size-full wp-image-4709\" alt=\"\" srcset=\"https:\/\/dev.apindustrie.co\/wp-content\/uploads\/2025\/08\/production-plastic-bottles-factory-scaled.jpg 2560w, https:\/\/dev.apindustrie.co\/wp-content\/uploads\/2025\/08\/production-plastic-bottles-factory-300x199.jpg 300w, https:\/\/dev.apindustrie.co\/wp-content\/uploads\/2025\/08\/production-plastic-bottles-factory-1024x680.jpg 1024w, https:\/\/dev.apindustrie.co\/wp-content\/uploads\/2025\/08\/production-plastic-bottles-factory-768x510.jpg 768w, https:\/\/dev.apindustrie.co\/wp-content\/uploads\/2025\/08\/production-plastic-bottles-factory-1536x1020.jpg 1536w, https:\/\/dev.apindustrie.co\/wp-content\/uploads\/2025\/08\/production-plastic-bottles-factory-2048x1360.jpg 2048w, https:\/\/dev.apindustrie.co\/wp-content\/uploads\/2025\/08\/production-plastic-bottles-factory-18x12.jpg 18w, https:\/\/dev.apindustrie.co\/wp-content\/uploads\/2025\/08\/production-plastic-bottles-factory-200x133.jpg 200w, https:\/\/dev.apindustrie.co\/wp-content\/uploads\/2025\/08\/production-plastic-bottles-factory-600x399.jpg 600w\" sizes=\"(max-width: 2560px) 100vw, 2560px\" \/>\t\t\t\t\t\t\t\t\t\t\t\t\t\t\t<\/div>\n\t\t\t\t\t<\/div>\n\t\t<\/div>\n\t\t\t\t\t<\/div>\n\t\t<\/section>\n\t\t\t\t\t<\/div>\n\t\t<\/div>\n\t\t\t\t\t<\/div>\n\t\t<\/section>\n\t\t\t\t<section class=\"elementor-section elementor-top-section elementor-element elementor-element-fbb5104 elementor-section-full_width elementor-section-height-default elementor-section-height-default\" data-id=\"fbb5104\" data-element_type=\"section\" data-e-type=\"section\">\n\t\t\t\t\t\t<div class=\"elementor-container elementor-column-gap-no\">\n\t\t\t\t\t<div class=\"elementor-column elementor-col-100 elementor-top-column elementor-element elementor-element-872d193\" data-id=\"872d193\" data-element_type=\"column\" data-e-type=\"column\">\n\t\t\t<div class=\"elementor-widget-wrap elementor-element-populated\">\n\t\t\t\t\t\t<div class=\"elementor-element elementor-element-773de41 elementor-widget elementor-widget-consua_faq_widget\" data-id=\"773de41\" data-element_type=\"widget\" data-e-type=\"widget\" data-widget_type=\"consua_faq_widget.default\">\n\t\t\t\t<div class=\"elementor-widget-container\">\n\t\t\t\t\t    <!-- Start Faq \r\n    ============================================= -->\r\n    <div class=\"faq-style-one-area relative\" style=\"background-image: url(https:\/\/dev.apindustrie.co\/wp-content\/uploads\/2025\/06\/faqs-bg.png);\">\r\n\r\n        \r\n        <div class=\"container\">\r\n            <div class=\"row align-center\">\r\n\r\n                <div class=\"col-lg-6\">\r\n                    <div class=\"faq-style-one default-padding\">\r\n                    \t\t                        <h4 class=\"sub-heading\">\r\n\t                        \tFAQ\t                        <\/h4>\r\n                    \t                    \t\t                        <h2 class=\"title mb-30\">\r\n\t                        \tFrequently Asked Questions\t                        <\/h2>\r\n                                                <div class=\"accordion\" id=\"faqAccordion\">\r\n                        \t\t                            <div class=\"accordion-item\">\r\n\t                                <h2 class=\"accordion-header\" id=\"heading1\">\r\n\t                                    <button class=\"accordion-button\" type=\"button\" data-bs-toggle=\"collapse\" data-bs-target=\"#collapse1\" aria-expanded=\"true\" aria-controls=\"collapse1\">\r\n\t                                         What makes your mineral water safe to drink?\t                                    <\/button>\r\n\t                                <\/h2>\r\n\t                                <div id=\"collapse1\" class=\"accordion-collapse collapse show\" aria-labelledby=\"heading1\" data-bs-parent=\"#faqAccordion\">\r\n\t                                    <div class=\"accordion-body\">\r\n\t                                        <p>\r\n\t                                             We take great care in purifying our water through a multi-step process that guarantees it's clean, healthy, and safe to drink. From using lab-tested minerals to automated bottling systems, every step is designed to give you the best quality product with every bottle.\t                                        <\/p>\r\n\t                                    <\/div>\r\n\t                                <\/div>\r\n\t                            <\/div>\r\n\t                        \t                            <div class=\"accordion-item\">\r\n\t                                <h2 class=\"accordion-header\" id=\"heading2\">\r\n\t                                    <button class=\"accordion-button collapsed\" type=\"button\" data-bs-toggle=\"collapse\" data-bs-target=\"#collapse2\" aria-expanded=\"true\" aria-controls=\"collapse2\">\r\n\t                                         Do you offer bulk supply for businesses or institutions?\t                                    <\/button>\r\n\t                                <\/h2>\r\n\t                                <div id=\"collapse2\" class=\"accordion-collapse collapse\" aria-labelledby=\"heading2\" data-bs-parent=\"#faqAccordion\">\r\n\t                                    <div class=\"accordion-body\">\r\n\t                                        <p>\r\n\t                                             Absolutely! We provide customized bulk water supply for businesses, schools, hotels, and more. With flexible packaging options, we ensure you get the right amount of Vitale water while keeping the quality high.\t                                        <\/p>\r\n\t                                    <\/div>\r\n\t                                <\/div>\r\n\t                            <\/div>\r\n\t                        \t                            <div class=\"accordion-item\">\r\n\t                                <h2 class=\"accordion-header\" id=\"heading3\">\r\n\t                                    <button class=\"accordion-button collapsed\" type=\"button\" data-bs-toggle=\"collapse\" data-bs-target=\"#collapse3\" aria-expanded=\"true\" aria-controls=\"collapse3\">\r\n\t                                         Where are your manufacturing plants located?\t                                    <\/button>\r\n\t                                <\/h2>\r\n\t                                <div id=\"collapse3\" class=\"accordion-collapse collapse\" aria-labelledby=\"heading3\" data-bs-parent=\"#faqAccordion\">\r\n\t                                    <div class=\"accordion-body\">\r\n\t                                        <p>\r\n\t                                             Our plants are strategically placed to serve customers all around the world. We focus on efficiency and sustainability to make sure our products are delivered quickly and responsibly, minimizing our environmental impact.\t                                        <\/p>\r\n\t                                    <\/div>\r\n\t                                <\/div>\r\n\t                            <\/div>\r\n\t                            \r\n                        <\/div>\r\n                    <\/div>\r\n                <\/div>\r\n\r\n\t\t\t\t\t                <div class=\"col-lg-5 offset-lg-1 mt-120 mt-md-50 mt-xs-30\">\r\n\t                    <div class=\"faq-thumb\">\r\n\t                        <img decoding=\"async\" src=\"https:\/\/dev.apindustrie.co\/wp-content\/uploads\/2025\/06\/faqs.png\" alt=\"AP%20industries\"  \/>\t                    <\/div>\r\n\t                <\/div>\r\n            \t            <\/div>\r\n        <\/div>\r\n    <\/div>\r\n    <!-- End Faq -->\r\n\r\n    \t\t\t\t<\/div>\n\t\t\t\t<\/div>\n\t\t\t\t\t<\/div>\n\t\t<\/div>\n\t\t\t\t\t<\/div>\n\t\t<\/section>\n\t\t\t\t<\/div>","protected":false},"excerpt":{"rendered":"<p>Des solutions durables pour un avenir plus vert Vivez sainement, buvez pur, prot\u00e9gez la Terre AP INDUSTRY pr\u00e9sente Vitale &amp; Ginny : des marques du quotidien engag\u00e9es Chez AP Industry, nous concevons des produits de haute qualit\u00e9 qui d\u00e9passent les attentes. Nos marques, Vitale et Ginny, sont fond\u00e9es sur la durabilit\u00e9, l\u2019innovation et la fiabilit\u00e9&#8230;.<\/p>","protected":false},"author":2,"featured_media":0,"parent":0,"menu_order":0,"comment_status":"closed","ping_status":"closed","template":"elementor_header_footer","meta":{"footnotes":""},"class_list":["post-2670","page","type-page","status-publish","hentry"],"_links":{"self":[{"href":"https:\/\/dev.apindustrie.co\/en\/wp-json\/wp\/v2\/pages\/2670","targetHints":{"allow":["GET"]}}],"collection":[{"href":"https:\/\/dev.apindustrie.co\/en\/wp-json\/wp\/v2\/pages"}],"about":[{"href":"https:\/\/dev.apindustrie.co\/en\/wp-json\/wp\/v2\/types\/page"}],"author":[{"embeddable":true,"href":"https:\/\/dev.apindustrie.co\/en\/wp-json\/wp\/v2\/users\/2"}],"replies":[{"embeddable":true,"href":"https:\/\/dev.apindustrie.co\/en\/wp-json\/wp\/v2\/comments?post=2670"}],"version-history":[{"count":27,"href":"https:\/\/dev.apindustrie.co\/en\/wp-json\/wp\/v2\/pages\/2670\/revisions"}],"predecessor-version":[{"id":4911,"href":"https:\/\/dev.apindustrie.co\/en\/wp-json\/wp\/v2\/pages\/2670\/revisions\/4911"}],"wp:attachment":[{"href":"https:\/\/dev.apindustrie.co\/en\/wp-json\/wp\/v2\/media?parent=2670"}],"curies":[{"name":"wp","href":"https:\/\/api.w.org\/{rel}","templated":true}]}}