{"id":2522,"date":"2023-01-14T15:36:10","date_gmt":"2023-01-14T15:36:10","guid":{"rendered":"https:\/\/validthemes.net\/themeforest\/wp\/consua\/?page_id=3"},"modified":"2025-08-11T14:10:44","modified_gmt":"2025-08-11T14:10:44","slug":"terms-conditions","status":"publish","type":"page","link":"https:\/\/dev.apindustrie.co\/en\/terms-conditions\/","title":{"rendered":"Terms &#038; Conditions"},"content":{"rendered":"\t\t<div data-elementor-type=\"wp-page\" data-elementor-id=\"2522\" class=\"elementor elementor-2522\">\n\t\t\t\t<div class=\"elementor-element elementor-element-1e957a9 elementor-hidden-tablet elementor-hidden-mobile e-flex e-con-boxed e-con e-parent\" data-id=\"1e957a9\" data-element_type=\"container\" data-e-type=\"container\">\n\t\t\t\t\t<div class=\"e-con-inner\">\n\t\t\t\t<div class=\"elementor-element elementor-element-723b790 elementor-widget elementor-widget-spacer\" data-id=\"723b790\" data-element_type=\"widget\" data-e-type=\"widget\" data-widget_type=\"spacer.default\">\n\t\t\t\t\t\t\t<div class=\"elementor-spacer\">\n\t\t\t<div class=\"elementor-spacer-inner\"><\/div>\n\t\t<\/div>\n\t\t\t\t\t\t<\/div>\n\t\t\t\t\t<\/div>\n\t\t\t\t<\/div>\n\t\t<div class=\"elementor-element elementor-element-8cda5ec e-flex e-con-boxed e-con e-parent\" data-id=\"8cda5ec\" data-element_type=\"container\" data-e-type=\"container\">\n\t\t\t\t\t<div class=\"e-con-inner\">\n\t\t\t\t<div class=\"elementor-element elementor-element-b79d8ec elementor-widget elementor-widget-text-editor\" data-id=\"b79d8ec\" data-element_type=\"widget\" data-e-type=\"widget\" data-widget_type=\"text-editor.default\">\n\t\t\t\t\t\t\t\t\t<p>Bienvenue chez AP Industries. En acc\u00e9dant \u00e0 notre site web \u00e0 l\u2019adresse <a href=\"https:\/\/apindustrie.co\/\">https:\/\/apindustrie.co<\/a>, vous acceptez de respecter et d\u2019\u00eatre li\u00e9 par les pr\u00e9sentes conditions g\u00e9n\u00e9rales.<\/p>\t\t\t\t\t\t\t\t<\/div>\n\t\t\t\t<div class=\"elementor-element elementor-element-117bbf4 elementor-widget elementor-widget-heading\" data-id=\"117bbf4\" data-element_type=\"widget\" data-e-type=\"widget\" data-widget_type=\"heading.default\">\n\t\t\t\t\t<h2 class=\"elementor-heading-title elementor-size-default\">1. Utilisation du site web<\/h2>\t\t\t\t<\/div>\n\t\t\t\t<div class=\"elementor-element elementor-element-5092aca elementor-widget elementor-widget-text-editor\" data-id=\"5092aca\" data-element_type=\"widget\" data-e-type=\"widget\" data-widget_type=\"text-editor.default\">\n\t\t\t\t\t\t\t\t\t<p>Vous vous engagez \u00e0 utiliser notre site web uniquement \u00e0 des fins l\u00e9gales et de mani\u00e8re \u00e0 ne pas porter atteinte aux droits d\u2019autrui, ni restreindre ou emp\u00eacher l\u2019utilisation et la jouissance du site par d\u2019autres utilisateurs.<\/p>\t\t\t\t\t\t\t\t<\/div>\n\t\t\t\t<div class=\"elementor-element elementor-element-fd4d992 elementor-widget elementor-widget-heading\" data-id=\"fd4d992\" data-element_type=\"widget\" data-e-type=\"widget\" data-widget_type=\"heading.default\">\n\t\t\t\t\t<h2 class=\"elementor-heading-title elementor-size-default\">2. Droits de propri\u00e9t\u00e9 intellectuelle<\/h2>\t\t\t\t<\/div>\n\t\t\t\t<div class=\"elementor-element elementor-element-6b40c88 elementor-widget elementor-widget-text-editor\" data-id=\"6b40c88\" data-element_type=\"widget\" data-e-type=\"widget\" data-widget_type=\"text-editor.default\">\n\t\t\t\t\t\t\t\t\t<p>Tout le contenu de ce site web, y compris les textes, graphiques, logos et images, est la propri\u00e9t\u00e9 d\u2019AP Industries et est prot\u00e9g\u00e9 par les lois applicables en mati\u00e8re de propri\u00e9t\u00e9 intellectuelle. Toute utilisation non autoris\u00e9e de ce contenu est interdite.<\/p>\t\t\t\t\t\t\t\t<\/div>\n\t\t\t\t<div class=\"elementor-element elementor-element-96d183a elementor-widget elementor-widget-heading\" data-id=\"96d183a\" data-element_type=\"widget\" data-e-type=\"widget\" data-widget_type=\"heading.default\">\n\t\t\t\t\t<h2 class=\"elementor-heading-title elementor-size-default\">3. Comptes utilisateurs<\/h2>\t\t\t\t<\/div>\n\t\t\t\t<div class=\"elementor-element elementor-element-1d791da elementor-widget elementor-widget-text-editor\" data-id=\"1d791da\" data-element_type=\"widget\" data-e-type=\"widget\" data-widget_type=\"text-editor.default\">\n\t\t\t\t\t\t\t\t\t<p>Lorsque vous cr\u00e9ez un compte chez nous, vous devez fournir des informations exactes et compl\u00e8tes. Vous \u00eates responsable de la confidentialit\u00e9 de votre compte et de votre mot de passe.<\/p>\t\t\t\t\t\t\t\t<\/div>\n\t\t\t\t<div class=\"elementor-element elementor-element-4db644a elementor-widget elementor-widget-heading\" data-id=\"4db644a\" data-element_type=\"widget\" data-e-type=\"widget\" data-widget_type=\"heading.default\">\n\t\t\t\t\t<h2 class=\"elementor-heading-title elementor-size-default\">4. Limitation de responsabilit\u00e9<\/h2>\t\t\t\t<\/div>\n\t\t\t\t<div class=\"elementor-element elementor-element-41f08f6 elementor-widget elementor-widget-text-editor\" data-id=\"41f08f6\" data-element_type=\"widget\" data-e-type=\"widget\" data-widget_type=\"text-editor.default\">\n\t\t\t\t\t\t\t\t\t<p>AP Industries ne pourra \u00eatre tenue responsable des dommages indirects, accessoires, sp\u00e9ciaux ou cons\u00e9cutifs r\u00e9sultant de l\u2019utilisation ou de l\u2019impossibilit\u00e9 d\u2019utiliser notre site web ou nos services.<\/p>\t\t\t\t\t\t\t\t<\/div>\n\t\t\t\t<div class=\"elementor-element elementor-element-0dce5ee elementor-widget elementor-widget-heading\" data-id=\"0dce5ee\" data-element_type=\"widget\" data-e-type=\"widget\" data-widget_type=\"heading.default\">\n\t\t\t\t\t<h2 class=\"elementor-heading-title elementor-size-default\">5. R\u00e9siliation<\/h2>\t\t\t\t<\/div>\n\t\t\t\t<div class=\"elementor-element elementor-element-b3969e5 elementor-widget elementor-widget-text-editor\" data-id=\"b3969e5\" data-element_type=\"widget\" data-e-type=\"widget\" data-widget_type=\"text-editor.default\">\n\t\t\t\t\t\t\t\t\t<p>Nous nous r\u00e9servons le droit de r\u00e9silier ou de suspendre imm\u00e9diatement l\u2019acc\u00e8s \u00e0 notre site web, sans pr\u00e9avis ni responsabilit\u00e9, pour quelque raison que ce soit, y compris en cas de violation des pr\u00e9sentes conditions.<\/p>\t\t\t\t\t\t\t\t<\/div>\n\t\t\t\t<div class=\"elementor-element elementor-element-d27a603 elementor-widget elementor-widget-heading\" data-id=\"d27a603\" data-element_type=\"widget\" data-e-type=\"widget\" data-widget_type=\"heading.default\">\n\t\t\t\t\t<h2 class=\"elementor-heading-title elementor-size-default\">6. Droit applicable<\/h2>\t\t\t\t<\/div>\n\t\t\t\t<div class=\"elementor-element elementor-element-ec28903 elementor-widget elementor-widget-text-editor\" data-id=\"ec28903\" data-element_type=\"widget\" data-e-type=\"widget\" data-widget_type=\"text-editor.default\">\n\t\t\t\t\t\t\t\t\t<p>Les pr\u00e9sentes conditions seront r\u00e9gies et interpr\u00e9t\u00e9es conform\u00e9ment aux lois de \\[TOGO], sans \u00e9gard aux dispositions en mati\u00e8re de conflit de lois.<\/p>\t\t\t\t\t\t\t\t<\/div>\n\t\t\t\t<div class=\"elementor-element elementor-element-69921ac elementor-widget elementor-widget-heading\" data-id=\"69921ac\" data-element_type=\"widget\" data-e-type=\"widget\" data-widget_type=\"heading.default\">\n\t\t\t\t\t<h2 class=\"elementor-heading-title elementor-size-default\">7. Modifications des pr\u00e9sentes conditions<\/h2>\t\t\t\t<\/div>\n\t\t\t\t<div class=\"elementor-element elementor-element-4839b7b elementor-widget elementor-widget-text-editor\" data-id=\"4839b7b\" data-element_type=\"widget\" data-e-type=\"widget\" data-widget_type=\"text-editor.default\">\n\t\t\t\t\t\t\t\t\t<p>Nous nous r\u00e9servons le droit de modifier ou de remplacer les pr\u00e9sentes conditions \u00e0 tout moment. Les modifications seront publi\u00e9es sur cette page avec une date de r\u00e9vision mise \u00e0 jour.<\/p>\t\t\t\t\t\t\t\t<\/div>\n\t\t\t\t\t<\/div>\n\t\t\t\t<\/div>\n\t\t\t\t<\/div>\n\t\t","protected":false},"excerpt":{"rendered":"<p>Bienvenue chez AP Industries. En acc\u00e9dant \u00e0 notre site web \u00e0 l\u2019adresse https:\/\/apindustrie.co, vous acceptez de respecter et d\u2019\u00eatre li\u00e9 par les pr\u00e9sentes conditions g\u00e9n\u00e9rales. 1. Utilisation du site web Vous vous engagez \u00e0 utiliser notre site web uniquement \u00e0 des fins l\u00e9gales et de mani\u00e8re \u00e0 ne pas porter atteinte aux droits d\u2019autrui, ni&#8230;<\/p>","protected":false},"author":2,"featured_media":0,"parent":0,"menu_order":0,"comment_status":"closed","ping_status":"closed","template":"","meta":{"footnotes":""},"class_list":["post-2522","page","type-page","status-publish","hentry"],"_links":{"self":[{"href":"https:\/\/dev.apindustrie.co\/en\/wp-json\/wp\/v2\/pages\/2522","targetHints":{"allow":["GET"]}}],"collection":[{"href":"https:\/\/dev.apindustrie.co\/en\/wp-json\/wp\/v2\/pages"}],"about":[{"href":"https:\/\/dev.apindustrie.co\/en\/wp-json\/wp\/v2\/types\/page"}],"author":[{"embeddable":true,"href":"https:\/\/dev.apindustrie.co\/en\/wp-json\/wp\/v2\/users\/2"}],"replies":[{"embeddable":true,"href":"https:\/\/dev.apindustrie.co\/en\/wp-json\/wp\/v2\/comments?post=2522"}],"version-history":[{"count":6,"href":"https:\/\/dev.apindustrie.co\/en\/wp-json\/wp\/v2\/pages\/2522\/revisions"}],"predecessor-version":[{"id":4972,"href":"https:\/\/dev.apindustrie.co\/en\/wp-json\/wp\/v2\/pages\/2522\/revisions\/4972"}],"wp:attachment":[{"href":"https:\/\/dev.apindustrie.co\/en\/wp-json\/wp\/v2\/media?parent=2522"}],"curies":[{"name":"wp","href":"https:\/\/api.w.org\/{rel}","templated":true}]}}